{"id":9743,"date":"2021-03-16T17:04:23","date_gmt":"2021-03-16T20:04:23","guid":{"rendered":"https:\/\/incofogao.com.br\/site\/?post_type=product&#038;p=9743"},"modified":"2025-06-07T09:41:35","modified_gmt":"2025-06-07T12:41:35","slug":"protecao-lareira-reta","status":"publish","type":"product","link":"https:\/\/incofogao.com.br\/site\/produto\/protecao-lareira-reta\/","title":{"rendered":"Prote\u00e7\u00e3o\/Tela p\/ Lareira Reta  80cm"},"content":{"rendered":"<p>Prote\u00e7\u00e3o Lareira Reta 80cm<br \/>\nEstrutura de cantoneira de ferro e tela de a\u00e7o , pintado preto fosco.<\/p>\n<p>Medidas:<br \/>\n80 x 40 cm<\/p>\n<p>Consulte outras medidas dispon\u00edveis.<br \/>\n* Dimens\u00f5es e modelos sujeitos a altera\u00e7\u00e3o sem pr\u00e9vio aviso<\/p>\n","protected":false},"excerpt":{"rendered":"<p>Prote\u00e7\u00e3o Lareira Reta 80cm Estrutura de cantoneira de ferro e tela de a\u00e7o , pintado preto fosco. Medidas: 80 x 40 cm Consulte outras medidas dispon\u00edveis. * Dimens\u00f5es e modelos sujeitos a altera\u00e7\u00e3o sem pr\u00e9vio aviso<\/p>\n","protected":false},"featured_media":9744,"template":"","meta":[],"product_cat":[368],"product_tag":[],"class_list":{"0":"post-9743","1":"product","2":"type-product","3":"status-publish","4":"has-post-thumbnail","6":"product_cat-lareiras-e-acessorios","8":"first","9":"instock","10":"shipping-taxable","11":"purchasable","12":"product-type-simple"},"_links":{"self":[{"href":"https:\/\/incofogao.com.br\/site\/wp-json\/wp\/v2\/product\/9743","targetHints":{"allow":["GET"]}}],"collection":[{"href":"https:\/\/incofogao.com.br\/site\/wp-json\/wp\/v2\/product"}],"about":[{"href":"https:\/\/incofogao.com.br\/site\/wp-json\/wp\/v2\/types\/product"}],"wp:featuredmedia":[{"embeddable":true,"href":"https:\/\/incofogao.com.br\/site\/wp-json\/wp\/v2\/media\/9744"}],"wp:attachment":[{"href":"https:\/\/incofogao.com.br\/site\/wp-json\/wp\/v2\/media?parent=9743"}],"wp:term":[{"taxonomy":"product_cat","embeddable":true,"href":"https:\/\/incofogao.com.br\/site\/wp-json\/wp\/v2\/product_cat?post=9743"},{"taxonomy":"product_tag","embeddable":true,"href":"https:\/\/incofogao.com.br\/site\/wp-json\/wp\/v2\/product_tag?post=9743"}],"curies":[{"name":"wp","href":"https:\/\/api.w.org\/{rel}","templated":true}]}}