{"id":9741,"date":"2021-03-16T17:03:32","date_gmt":"2021-03-16T20:03:32","guid":{"rendered":"https:\/\/incofogao.com.br\/site\/?post_type=product&#038;p=9741"},"modified":"2025-06-07T09:43:09","modified_gmt":"2025-06-07T12:43:09","slug":"protecao-lareira-com-dobradica","status":"publish","type":"product","link":"https:\/\/incofogao.com.br\/site\/produto\/protecao-lareira-com-dobradica\/","title":{"rendered":"Prote\u00e7\u00e3o\/Tela p\/ Lareira com Dobradi\u00e7a 80cm"},"content":{"rendered":"<p>Prote\u00e7\u00e3o Lareira Dobr\u00e1vel 80cm<br \/>\nEstrutura de cantoneira de ferro e tela de a\u00e7o , pintado preto fosco.<\/p>\n<p>Medidas:<br \/>\n80 x 45 cm<\/p>\n<p>Consulte outras medidas dispon\u00edveis.<br \/>\n* Dimens\u00f5es e modelos sujeitos a altera\u00e7\u00e3o sem pr\u00e9vio aviso<\/p>\n","protected":false},"excerpt":{"rendered":"<p>Prote\u00e7\u00e3o Lareira Dobr\u00e1vel 80cm Estrutura de cantoneira de ferro e tela de a\u00e7o , pintado preto fosco. Medidas: 80 x 45 cm Consulte outras medidas dispon\u00edveis. * Dimens\u00f5es e modelos sujeitos a altera\u00e7\u00e3o sem pr\u00e9vio aviso<\/p>\n","protected":false},"featured_media":9742,"template":"","meta":[],"product_cat":[368],"product_tag":[],"class_list":{"0":"post-9741","1":"product","2":"type-product","3":"status-publish","4":"has-post-thumbnail","6":"product_cat-lareiras-e-acessorios","8":"first","9":"instock","10":"featured","11":"shipping-taxable","12":"purchasable","13":"product-type-simple"},"_links":{"self":[{"href":"https:\/\/incofogao.com.br\/site\/wp-json\/wp\/v2\/product\/9741","targetHints":{"allow":["GET"]}}],"collection":[{"href":"https:\/\/incofogao.com.br\/site\/wp-json\/wp\/v2\/product"}],"about":[{"href":"https:\/\/incofogao.com.br\/site\/wp-json\/wp\/v2\/types\/product"}],"wp:featuredmedia":[{"embeddable":true,"href":"https:\/\/incofogao.com.br\/site\/wp-json\/wp\/v2\/media\/9742"}],"wp:attachment":[{"href":"https:\/\/incofogao.com.br\/site\/wp-json\/wp\/v2\/media?parent=9741"}],"wp:term":[{"taxonomy":"product_cat","embeddable":true,"href":"https:\/\/incofogao.com.br\/site\/wp-json\/wp\/v2\/product_cat?post=9741"},{"taxonomy":"product_tag","embeddable":true,"href":"https:\/\/incofogao.com.br\/site\/wp-json\/wp\/v2\/product_tag?post=9741"}],"curies":[{"name":"wp","href":"https:\/\/api.w.org\/{rel}","templated":true}]}}