{"id":9728,"date":"2021-03-16T16:55:51","date_gmt":"2021-03-16T19:55:51","guid":{"rendered":"https:\/\/incofogao.com.br\/site\/?post_type=product&#038;p=9728"},"modified":"2022-06-29T18:15:02","modified_gmt":"2022-06-29T21:15:02","slug":"lareira-de-canto-pq","status":"publish","type":"product","link":"https:\/\/incofogao.com.br\/site\/produto\/lareira-de-canto-pq\/","title":{"rendered":"Lareira de Canto PQ"},"content":{"rendered":"<p>Chapa de a\u00e7o pintada.<br \/>\nPintura na cor preta com resist\u00eancia para 250\u00ba.<br \/>\nTela de prote\u00e7\u00e3o frontal.<br \/>\nAcompanha: 3 metros de cano 180mm e 1 chap\u00e9u comum.<\/p>\n<p>Dimens\u00f5es em mm:<br \/>\nLateral 450 x Frente 630 x Altura 1000<\/p>\n<p>* Dimens\u00f5es e modelos sujeitos a altera\u00e7\u00e3o sem pr\u00e9vio aviso.<\/p>\n","protected":false},"excerpt":{"rendered":"<p>Chapa de a\u00e7o pintada. Pintura na cor preta com resist\u00eancia para 250\u00ba. Tela de prote\u00e7\u00e3o frontal. Acompanha: 3 metros de cano 180mm e 1 chap\u00e9u comum. Dimens\u00f5es em mm: Lateral 450 x Frente 630 x Altura 1000 * Dimens\u00f5es e modelos sujeitos a altera\u00e7\u00e3o sem pr\u00e9vio aviso.<\/p>\n","protected":false},"featured_media":0,"template":"","meta":[],"product_cat":[368],"product_tag":[],"class_list":{"0":"post-9728","1":"product","2":"type-product","3":"status-publish","5":"product_cat-lareiras-e-acessorios","7":"first","8":"instock","9":"shipping-taxable","10":"purchasable","11":"product-type-simple"},"_links":{"self":[{"href":"https:\/\/incofogao.com.br\/site\/wp-json\/wp\/v2\/product\/9728","targetHints":{"allow":["GET"]}}],"collection":[{"href":"https:\/\/incofogao.com.br\/site\/wp-json\/wp\/v2\/product"}],"about":[{"href":"https:\/\/incofogao.com.br\/site\/wp-json\/wp\/v2\/types\/product"}],"wp:attachment":[{"href":"https:\/\/incofogao.com.br\/site\/wp-json\/wp\/v2\/media?parent=9728"}],"wp:term":[{"taxonomy":"product_cat","embeddable":true,"href":"https:\/\/incofogao.com.br\/site\/wp-json\/wp\/v2\/product_cat?post=9728"},{"taxonomy":"product_tag","embeddable":true,"href":"https:\/\/incofogao.com.br\/site\/wp-json\/wp\/v2\/product_tag?post=9728"}],"curies":[{"name":"wp","href":"https:\/\/api.w.org\/{rel}","templated":true}]}}