{"id":9724,"date":"2021-03-16T16:54:38","date_gmt":"2021-03-16T19:54:38","guid":{"rendered":"https:\/\/incofogao.com.br\/site\/?post_type=product&#038;p=9724"},"modified":"2022-06-29T18:13:58","modified_gmt":"2022-06-29T21:13:58","slug":"lareira-de-canto-grande","status":"publish","type":"product","link":"https:\/\/incofogao.com.br\/site\/produto\/lareira-de-canto-grande\/","title":{"rendered":"Lareira de Canto Grande"},"content":{"rendered":"<p>Chapa de a\u00e7o pintada.<br \/>\nPintura na cor preto com resist\u00eancia para 250\u00ba.<br \/>\nTela de prote\u00e7\u00e3o frontal.<br \/>\nProte\u00e7\u00e3o interna com placa refrat\u00e1ria.<br \/>\nAcompanha: 3 metros de cano 180mm e 1 chap\u00e9u comum.<\/p>\n<p>Dimens\u00f5es em mm:<br \/>\nLateral 560 x Frente 870 x Altura 1000<\/p>\n<p>* Dimens\u00f5es e modelos sujeitos a altera\u00e7\u00e3o sem pr\u00e9vio aviso.<\/p>\n","protected":false},"excerpt":{"rendered":"<p>Chapa de a\u00e7o pintada. Pintura na cor preto com resist\u00eancia para 250\u00ba. Tela de prote\u00e7\u00e3o frontal. Prote\u00e7\u00e3o interna com placa refrat\u00e1ria. Acompanha: 3 metros de cano 180mm e 1 chap\u00e9u comum. Dimens\u00f5es em mm: Lateral 560 x Frente 870 x Altura 1000 * Dimens\u00f5es e modelos sujeitos a altera\u00e7\u00e3o sem pr\u00e9vio aviso.<\/p>\n","protected":false},"featured_media":10163,"template":"","meta":[],"product_cat":[368],"product_tag":[],"class_list":{"0":"post-9724","1":"product","2":"type-product","3":"status-publish","4":"has-post-thumbnail","6":"product_cat-lareiras-e-acessorios","8":"first","9":"instock","10":"shipping-taxable","11":"purchasable","12":"product-type-simple"},"_links":{"self":[{"href":"https:\/\/incofogao.com.br\/site\/wp-json\/wp\/v2\/product\/9724","targetHints":{"allow":["GET"]}}],"collection":[{"href":"https:\/\/incofogao.com.br\/site\/wp-json\/wp\/v2\/product"}],"about":[{"href":"https:\/\/incofogao.com.br\/site\/wp-json\/wp\/v2\/types\/product"}],"wp:featuredmedia":[{"embeddable":true,"href":"https:\/\/incofogao.com.br\/site\/wp-json\/wp\/v2\/media\/10163"}],"wp:attachment":[{"href":"https:\/\/incofogao.com.br\/site\/wp-json\/wp\/v2\/media?parent=9724"}],"wp:term":[{"taxonomy":"product_cat","embeddable":true,"href":"https:\/\/incofogao.com.br\/site\/wp-json\/wp\/v2\/product_cat?post=9724"},{"taxonomy":"product_tag","embeddable":true,"href":"https:\/\/incofogao.com.br\/site\/wp-json\/wp\/v2\/product_tag?post=9724"}],"curies":[{"name":"wp","href":"https:\/\/api.w.org\/{rel}","templated":true}]}}