{"id":9720,"date":"2021-03-16T16:52:14","date_gmt":"2021-03-16T19:52:14","guid":{"rendered":"https:\/\/incofogao.com.br\/site\/?post_type=product&#038;p=9720"},"modified":"2026-03-30T18:55:29","modified_gmt":"2026-03-30T21:55:29","slug":"forno-colonial-ferro-fundido","status":"publish","type":"product","link":"https:\/\/incofogao.com.br\/site\/produto\/forno-colonial-ferro-fundido\/","title":{"rendered":"Forno Colonial Ferro Fundido M\u00e9dio"},"content":{"rendered":"<p>Forno Colonial Ferro Fundido M\u00e9dio<\/p>\n<p>Medidas: 48 x 35 x 30,5 cm<\/p>\n<p>* Dimens\u00f5es e modelos sujeitos a altera\u00e7\u00e3o sem pr\u00e9vio aviso.<\/p>\n","protected":false},"excerpt":{"rendered":"<p>Forno Colonial Ferro Fundido M\u00e9dio Medidas: 48 x 35 x 30,5 cm * Dimens\u00f5es e modelos sujeitos a altera\u00e7\u00e3o sem pr\u00e9vio aviso.<\/p>\n","protected":false},"featured_media":9721,"template":"","meta":[],"product_cat":[367],"product_tag":[],"class_list":{"0":"post-9720","1":"product","2":"type-product","3":"status-publish","4":"has-post-thumbnail","6":"product_cat-fornos-coloniais","8":"first","9":"instock","10":"featured","11":"shipping-taxable","12":"purchasable","13":"product-type-simple"},"_links":{"self":[{"href":"https:\/\/incofogao.com.br\/site\/wp-json\/wp\/v2\/product\/9720","targetHints":{"allow":["GET"]}}],"collection":[{"href":"https:\/\/incofogao.com.br\/site\/wp-json\/wp\/v2\/product"}],"about":[{"href":"https:\/\/incofogao.com.br\/site\/wp-json\/wp\/v2\/types\/product"}],"wp:featuredmedia":[{"embeddable":true,"href":"https:\/\/incofogao.com.br\/site\/wp-json\/wp\/v2\/media\/9721"}],"wp:attachment":[{"href":"https:\/\/incofogao.com.br\/site\/wp-json\/wp\/v2\/media?parent=9720"}],"wp:term":[{"taxonomy":"product_cat","embeddable":true,"href":"https:\/\/incofogao.com.br\/site\/wp-json\/wp\/v2\/product_cat?post=9720"},{"taxonomy":"product_tag","embeddable":true,"href":"https:\/\/incofogao.com.br\/site\/wp-json\/wp\/v2\/product_tag?post=9720"}],"curies":[{"name":"wp","href":"https:\/\/api.w.org\/{rel}","templated":true}]}}