{"id":9717,"date":"2021-03-16T16:50:45","date_gmt":"2021-03-16T19:50:45","guid":{"rendered":"https:\/\/incofogao.com.br\/site\/?post_type=product&#038;p=9717"},"modified":"2021-05-01T09:32:34","modified_gmt":"2021-05-01T12:32:34","slug":"forno-colonial-pintado-pq","status":"publish","type":"product","link":"https:\/\/incofogao.com.br\/site\/produto\/forno-colonial-pintado-pq\/","title":{"rendered":"Forno Colonial N\u00ba 2 Preto"},"content":{"rendered":"<p>Forno Colonial N\u00ba2 preto<br \/>\nGuarni\u00e7\u00e3o da porta em aluminio .<br \/>\nPorta em a\u00e7o galvanizado pintado na cor preto.<br \/>\nForno em a\u00e7o inox<br \/>\nDimens\u00f5es em mm:<br \/>\nLargura 300 x altura 225 x profundidade 480<\/p>\n<p>* Dimens\u00f5es e modelos sujeitos a altera\u00e7\u00e3o sem pr\u00e9vio aviso.<\/p>\n","protected":false},"excerpt":{"rendered":"<p>Forno Colonial N\u00ba2 preto Guarni\u00e7\u00e3o da porta em aluminio . Porta em a\u00e7o galvanizado pintado na cor preto. Forno em a\u00e7o inox Dimens\u00f5es em mm: Largura 300 x altura 225 x profundidade 480 * Dimens\u00f5es e modelos sujeitos a altera\u00e7\u00e3o sem pr\u00e9vio aviso.<\/p>\n","protected":false},"featured_media":10137,"template":"","meta":[],"product_cat":[367],"product_tag":[],"class_list":{"0":"post-9717","1":"product","2":"type-product","3":"status-publish","4":"has-post-thumbnail","6":"product_cat-fornos-coloniais","8":"first","9":"instock","10":"shipping-taxable","11":"purchasable","12":"product-type-simple"},"_links":{"self":[{"href":"https:\/\/incofogao.com.br\/site\/wp-json\/wp\/v2\/product\/9717","targetHints":{"allow":["GET"]}}],"collection":[{"href":"https:\/\/incofogao.com.br\/site\/wp-json\/wp\/v2\/product"}],"about":[{"href":"https:\/\/incofogao.com.br\/site\/wp-json\/wp\/v2\/types\/product"}],"wp:featuredmedia":[{"embeddable":true,"href":"https:\/\/incofogao.com.br\/site\/wp-json\/wp\/v2\/media\/10137"}],"wp:attachment":[{"href":"https:\/\/incofogao.com.br\/site\/wp-json\/wp\/v2\/media?parent=9717"}],"wp:term":[{"taxonomy":"product_cat","embeddable":true,"href":"https:\/\/incofogao.com.br\/site\/wp-json\/wp\/v2\/product_cat?post=9717"},{"taxonomy":"product_tag","embeddable":true,"href":"https:\/\/incofogao.com.br\/site\/wp-json\/wp\/v2\/product_tag?post=9717"}],"curies":[{"name":"wp","href":"https:\/\/api.w.org\/{rel}","templated":true}]}}