{"id":9713,"date":"2021-03-16T16:49:12","date_gmt":"2021-03-16T19:49:12","guid":{"rendered":"https:\/\/incofogao.com.br\/site\/?post_type=product&#038;p=9713"},"modified":"2026-02-21T08:24:47","modified_gmt":"2026-02-21T11:24:47","slug":"forno-colonial-gabinete","status":"publish","type":"product","link":"https:\/\/incofogao.com.br\/site\/produto\/forno-colonial-gabinete\/","title":{"rendered":"Forno Colonial Gabinete Inox"},"content":{"rendered":"<p>Forno Colonial Gabinete Inox<br \/>\nGuarni\u00e7\u00e3o da porta em alum\u00ednio polido.<br \/>\nPorta em a\u00e7o inox.<br \/>\nForno em a\u00e7o inox.<\/p>\n<p>Dimens\u00f5es em mm:<br \/>\nLargura 400 x altura 190 x profundidade 480<\/p>\n<p>* Dimens\u00f5es e modelos sujeitos a altera\u00e7\u00e3o sem pr\u00e9vio aviso.<\/p>\n","protected":false},"excerpt":{"rendered":"<p>Forno Colonial Gabinete Inox Guarni\u00e7\u00e3o da porta em alum\u00ednio polido. Porta em a\u00e7o inox. Forno em a\u00e7o inox. Dimens\u00f5es em mm: Largura 400 x altura 190 x profundidade 480 * Dimens\u00f5es e modelos sujeitos a altera\u00e7\u00e3o sem pr\u00e9vio aviso.<\/p>\n","protected":false},"featured_media":10134,"template":"","meta":[],"product_cat":[367],"product_tag":[],"class_list":{"0":"post-9713","1":"product","2":"type-product","3":"status-publish","4":"has-post-thumbnail","6":"product_cat-fornos-coloniais","8":"first","9":"onbackorder","10":"featured","11":"shipping-taxable","12":"purchasable","13":"product-type-simple"},"_links":{"self":[{"href":"https:\/\/incofogao.com.br\/site\/wp-json\/wp\/v2\/product\/9713","targetHints":{"allow":["GET"]}}],"collection":[{"href":"https:\/\/incofogao.com.br\/site\/wp-json\/wp\/v2\/product"}],"about":[{"href":"https:\/\/incofogao.com.br\/site\/wp-json\/wp\/v2\/types\/product"}],"wp:featuredmedia":[{"embeddable":true,"href":"https:\/\/incofogao.com.br\/site\/wp-json\/wp\/v2\/media\/10134"}],"wp:attachment":[{"href":"https:\/\/incofogao.com.br\/site\/wp-json\/wp\/v2\/media?parent=9713"}],"wp:term":[{"taxonomy":"product_cat","embeddable":true,"href":"https:\/\/incofogao.com.br\/site\/wp-json\/wp\/v2\/product_cat?post=9713"},{"taxonomy":"product_tag","embeddable":true,"href":"https:\/\/incofogao.com.br\/site\/wp-json\/wp\/v2\/product_tag?post=9713"}],"curies":[{"name":"wp","href":"https:\/\/api.w.org\/{rel}","templated":true}]}}