{"id":9682,"date":"2021-03-16T16:32:02","date_gmt":"2021-03-16T19:32:02","guid":{"rendered":"https:\/\/incofogao.com.br\/site\/?post_type=product&#038;p=9682"},"modified":"2021-03-16T16:32:02","modified_gmt":"2021-03-16T19:32:02","slug":"fogao-industrial-de-alta-pressao-3-queimadores","status":"publish","type":"product","link":"https:\/\/incofogao.com.br\/site\/produto\/fogao-industrial-de-alta-pressao-3-queimadores\/","title":{"rendered":"Fog\u00e3o Industrial de Alta Press\u00e3o 3 Queimadores"},"content":{"rendered":"<p>Cantoneira 7\/8&#215;1\/8 de ferro.<br \/>\nQueimadores de alum\u00ednio c\/ 6 caulim.<br \/>\nGrelhas fixas.<br \/>\nPintura na cor preta.<br \/>\nQueimadores em linha.<br \/>\nAcompanha Regulador de Press\u00e3o.<\/p>\n<p>Dimens\u00f5es em mm:<br \/>\nLargura 460 x comprimento 1130 x altura 750<\/p>\n<p>* Dimens\u00f5es e modelos sujeitos a altera\u00e7\u00e3o sem pr\u00e9vio aviso.<\/p>\n","protected":false},"excerpt":{"rendered":"<p>Cantoneira 7\/8&#215;1\/8 de ferro. Queimadores de alum\u00ednio c\/ 6 caulim. Grelhas fixas. Pintura na cor preta. Queimadores em linha. Acompanha Regulador de Press\u00e3o. Dimens\u00f5es em mm: Largura 460 x comprimento 1130 x altura 750 * Dimens\u00f5es e modelos sujeitos a altera\u00e7\u00e3o sem pr\u00e9vio aviso.<\/p>\n","protected":false},"featured_media":9683,"template":"","meta":[],"product_cat":[365],"product_tag":[],"class_list":{"0":"post-9682","1":"product","2":"type-product","3":"status-publish","4":"has-post-thumbnail","6":"product_cat-fogoes-industriais","8":"first","9":"instock","10":"shipping-taxable","11":"product-type-simple"},"_links":{"self":[{"href":"https:\/\/incofogao.com.br\/site\/wp-json\/wp\/v2\/product\/9682","targetHints":{"allow":["GET"]}}],"collection":[{"href":"https:\/\/incofogao.com.br\/site\/wp-json\/wp\/v2\/product"}],"about":[{"href":"https:\/\/incofogao.com.br\/site\/wp-json\/wp\/v2\/types\/product"}],"wp:featuredmedia":[{"embeddable":true,"href":"https:\/\/incofogao.com.br\/site\/wp-json\/wp\/v2\/media\/9683"}],"wp:attachment":[{"href":"https:\/\/incofogao.com.br\/site\/wp-json\/wp\/v2\/media?parent=9682"}],"wp:term":[{"taxonomy":"product_cat","embeddable":true,"href":"https:\/\/incofogao.com.br\/site\/wp-json\/wp\/v2\/product_cat?post=9682"},{"taxonomy":"product_tag","embeddable":true,"href":"https:\/\/incofogao.com.br\/site\/wp-json\/wp\/v2\/product_tag?post=9682"}],"curies":[{"name":"wp","href":"https:\/\/api.w.org\/{rel}","templated":true}]}}