{"id":9678,"date":"2021-03-16T16:29:21","date_gmt":"2021-03-16T19:29:21","guid":{"rendered":"https:\/\/incofogao.com.br\/site\/?post_type=product&#038;p=9678"},"modified":"2026-04-28T19:45:38","modified_gmt":"2026-04-28T22:45:38","slug":"estufa-ferro-fundido","status":"publish","type":"product","link":"https:\/\/incofogao.com.br\/site\/produto\/estufa-ferro-fundido\/","title":{"rendered":"Fog\u00e3o Ferro Fundido Faires"},"content":{"rendered":"<p>Chapa superior em ferro fundido.<br \/>\nGuarni\u00e7\u00f5es das portas de ferro fundido<br \/>\nSa\u00edda da chamin\u00e9 em cima.<\/p>\n<p>Dimens\u00f5es em mm:<br \/>\nAltura c\/p\u00e9s: 540<br \/>\nChapa: 400 x 600<br \/>\nChamin\u00e9: 110<br \/>\n* Dimens\u00f5es e modelos sujeitos a altera\u00e7\u00e3o<\/p>\n","protected":false},"excerpt":{"rendered":"<p>Chapa superior em ferro fundido. Guarni\u00e7\u00f5es das portas de ferro fundido Sa\u00edda da chamin\u00e9 em cima. Dimens\u00f5es em mm: Altura c\/p\u00e9s: 540 Chapa: 400 x 600 Chamin\u00e9: 110 * Dimens\u00f5es e modelos sujeitos a altera\u00e7\u00e3o<\/p>\n","protected":false},"featured_media":9679,"template":"","meta":[],"product_cat":[364,354],"product_tag":[],"class_list":{"0":"post-9678","1":"product","2":"type-product","3":"status-publish","4":"has-post-thumbnail","6":"product_cat-ferro-fundido","7":"product_cat-fogoes-a-lenha","9":"first","10":"instock","11":"shipping-taxable","12":"purchasable","13":"product-type-simple"},"_links":{"self":[{"href":"https:\/\/incofogao.com.br\/site\/wp-json\/wp\/v2\/product\/9678","targetHints":{"allow":["GET"]}}],"collection":[{"href":"https:\/\/incofogao.com.br\/site\/wp-json\/wp\/v2\/product"}],"about":[{"href":"https:\/\/incofogao.com.br\/site\/wp-json\/wp\/v2\/types\/product"}],"wp:featuredmedia":[{"embeddable":true,"href":"https:\/\/incofogao.com.br\/site\/wp-json\/wp\/v2\/media\/9679"}],"wp:attachment":[{"href":"https:\/\/incofogao.com.br\/site\/wp-json\/wp\/v2\/media?parent=9678"}],"wp:term":[{"taxonomy":"product_cat","embeddable":true,"href":"https:\/\/incofogao.com.br\/site\/wp-json\/wp\/v2\/product_cat?post=9678"},{"taxonomy":"product_tag","embeddable":true,"href":"https:\/\/incofogao.com.br\/site\/wp-json\/wp\/v2\/product_tag?post=9678"}],"curies":[{"name":"wp","href":"https:\/\/api.w.org\/{rel}","templated":true}]}}