{"id":9674,"date":"2021-03-16T16:27:35","date_gmt":"2021-03-16T19:27:35","guid":{"rendered":"https:\/\/incofogao.com.br\/site\/?post_type=product&#038;p=9674"},"modified":"2024-07-30T18:22:45","modified_gmt":"2024-07-30T21:22:45","slug":"fogao-a-lenha-ferro-fundido-n-00","status":"publish","type":"product","link":"https:\/\/incofogao.com.br\/site\/produto\/fogao-a-lenha-ferro-fundido-n-00\/","title":{"rendered":"Fog\u00e3o \u00e0 Lenha Ferro Fundido N\u00b0 00"},"content":{"rendered":"<p>Chapa superior em ferro fundido polido.<br \/>\nGuarni\u00e7\u00f5es das portas de ferro fundido<br \/>\nFog\u00e3o lado direito ou esquerdo.<br \/>\nSa\u00edda da chamin\u00e9 em cima e na traseira.<\/p>\n<p>Dimens\u00f5es em mm:<br \/>\nAltura c\/p\u00e9s: 720<br \/>\nAltura s\/p\u00e9s: 500<br \/>\nChapa: 400 x 420<br \/>\nChapa c\/ var\u00f5es: 540 x 485<br \/>\nChamin\u00e9: di\u00e2metro 115.<\/p>\n<p>* Dimens\u00f5es e modelos sujeitos a altera\u00e7\u00e3o sem pr\u00e9vio aviso.<\/p>\n","protected":false},"excerpt":{"rendered":"<p>Chapa superior em ferro fundido polido. Guarni\u00e7\u00f5es das portas de ferro fundido Fog\u00e3o lado direito ou esquerdo. Sa\u00edda da chamin\u00e9 em cima e na traseira. Dimens\u00f5es em mm: Altura c\/p\u00e9s: 720 Altura s\/p\u00e9s: 500 Chapa: 400 x 420 Chapa c\/ var\u00f5es: 540 x 485 Chamin\u00e9: di\u00e2metro 115. * Dimens\u00f5es e modelos sujeitos a altera\u00e7\u00e3o sem [&hellip;]<\/p>\n","protected":false},"featured_media":9675,"template":"","meta":[],"product_cat":[364,354],"product_tag":[],"class_list":{"0":"post-9674","1":"product","2":"type-product","3":"status-publish","4":"has-post-thumbnail","6":"product_cat-ferro-fundido","7":"product_cat-fogoes-a-lenha","9":"first","10":"onbackorder","11":"shipping-taxable","12":"purchasable","13":"product-type-simple"},"_links":{"self":[{"href":"https:\/\/incofogao.com.br\/site\/wp-json\/wp\/v2\/product\/9674","targetHints":{"allow":["GET"]}}],"collection":[{"href":"https:\/\/incofogao.com.br\/site\/wp-json\/wp\/v2\/product"}],"about":[{"href":"https:\/\/incofogao.com.br\/site\/wp-json\/wp\/v2\/types\/product"}],"wp:featuredmedia":[{"embeddable":true,"href":"https:\/\/incofogao.com.br\/site\/wp-json\/wp\/v2\/media\/9675"}],"wp:attachment":[{"href":"https:\/\/incofogao.com.br\/site\/wp-json\/wp\/v2\/media?parent=9674"}],"wp:term":[{"taxonomy":"product_cat","embeddable":true,"href":"https:\/\/incofogao.com.br\/site\/wp-json\/wp\/v2\/product_cat?post=9674"},{"taxonomy":"product_tag","embeddable":true,"href":"https:\/\/incofogao.com.br\/site\/wp-json\/wp\/v2\/product_tag?post=9674"}],"curies":[{"name":"wp","href":"https:\/\/api.w.org\/{rel}","templated":true}]}}