{"id":9658,"date":"2021-03-16T16:13:10","date_gmt":"2021-03-16T19:13:10","guid":{"rendered":"https:\/\/incofogao.com.br\/site\/?post_type=product&#038;p=9658"},"modified":"2025-04-02T09:01:43","modified_gmt":"2025-04-02T12:01:43","slug":"fogao-a-lenha-no-2-maestro-esmaltado","status":"publish","type":"product","link":"https:\/\/incofogao.com.br\/site\/produto\/fogao-a-lenha-no-2-maestro-esmaltado\/","title":{"rendered":"Fog\u00e3o \u00e0 Lenha N\u00ba 2 Maestro Esmaltado"},"content":{"rendered":"<p>Chapa em ferro fundido polido no tamanho de 62&#215;90 cm.<br \/>\nParafusos da Chapa com porca anti- travante(para maior seguran\u00e7a)<br \/>\nColunas e Barras em a\u00e7o Inox<br \/>\nChassi em a\u00e7o com laterais e frentes esmaltadas<br \/>\nParte de tr\u00e1s do chassi em a\u00e7o pintado<br \/>\nFornalha com blocos pr\u00e9-moldados<br \/>\nForno esmaltado com prateleiras em a\u00e7o cromado<br \/>\nVar\u00e3o de prote\u00e7\u00e3o, cantoneiras,bot\u00f5es, ma\u00e7anetas e escoras em a\u00e7o cromado<br \/>\nQuadros do forno, fogo e cinzeiro em ferro fundido cromado<br \/>\nSa\u00edda para chamin\u00e9 na parte superior e com op\u00e7\u00e3o para sa\u00edda atr\u00e1s do lado direito<br \/>\nRegistro de regulagem do calor do forno<br \/>\nDimens\u00f5es do Forno: 30(L) x 23(A) x 45(P)<br \/>\nVolume do forno: 30 Litros<br \/>\nDi\u00e2metro da chamin\u00e9: 11 cm<br \/>\nDimens\u00f5es<br \/>\nAltura:<br \/>\nCom p\u00e9s: 70,5 cm<br \/>\nSem p\u00e9s: 47,5 cm<\/p>\n<p>Profundidade (Lateral):<br \/>\nCom arco: 67,5 cm<br \/>\nSem arco: 61,5 cm<\/p>\n<p>Largura (Frente):<br \/>\nCom arco: 101,0 cm<br \/>\nSem arco: 90,0 cm<\/p>\n","protected":false},"excerpt":{"rendered":"<p>Chapa em ferro fundido polido no tamanho de 62&#215;90 cm. Parafusos da Chapa com porca anti- travante(para maior seguran\u00e7a) Colunas e Barras em a\u00e7o Inox Chassi em a\u00e7o com laterais e frentes esmaltadas Parte de tr\u00e1s do chassi em a\u00e7o pintado Fornalha com blocos pr\u00e9-moldados Forno esmaltado com prateleiras em a\u00e7o cromado Var\u00e3o de prote\u00e7\u00e3o, [&hellip;]<\/p>\n","protected":false},"featured_media":10228,"template":"","meta":[],"product_cat":[363,354],"product_tag":[],"class_list":{"0":"post-9658","1":"product","2":"type-product","3":"status-publish","4":"has-post-thumbnail","6":"product_cat-esmaltado","7":"product_cat-fogoes-a-lenha","9":"first","10":"instock","11":"shipping-taxable","12":"purchasable","13":"product-type-simple"},"_links":{"self":[{"href":"https:\/\/incofogao.com.br\/site\/wp-json\/wp\/v2\/product\/9658","targetHints":{"allow":["GET"]}}],"collection":[{"href":"https:\/\/incofogao.com.br\/site\/wp-json\/wp\/v2\/product"}],"about":[{"href":"https:\/\/incofogao.com.br\/site\/wp-json\/wp\/v2\/types\/product"}],"wp:featuredmedia":[{"embeddable":true,"href":"https:\/\/incofogao.com.br\/site\/wp-json\/wp\/v2\/media\/10228"}],"wp:attachment":[{"href":"https:\/\/incofogao.com.br\/site\/wp-json\/wp\/v2\/media?parent=9658"}],"wp:term":[{"taxonomy":"product_cat","embeddable":true,"href":"https:\/\/incofogao.com.br\/site\/wp-json\/wp\/v2\/product_cat?post=9658"},{"taxonomy":"product_tag","embeddable":true,"href":"https:\/\/incofogao.com.br\/site\/wp-json\/wp\/v2\/product_tag?post=9658"}],"curies":[{"name":"wp","href":"https:\/\/api.w.org\/{rel}","templated":true}]}}