{"id":9639,"date":"2021-03-16T16:01:55","date_gmt":"2021-03-16T19:01:55","guid":{"rendered":"https:\/\/incofogao.com.br\/site\/?post_type=product&#038;p=9639"},"modified":"2025-04-02T09:02:57","modified_gmt":"2025-04-02T12:02:57","slug":"fogao-a-lenha-no-1-cobre","status":"publish","type":"product","link":"https:\/\/incofogao.com.br\/site\/produto\/fogao-a-lenha-no-1-cobre\/","title":{"rendered":"Fog\u00e3o \u00e0 Lenha N\u00ba 1 Cobre"},"content":{"rendered":"<p>Chapa superior em ferro fundido polido.<br \/>\nGuarni\u00e7\u00f5es das portas de ferro fundido cromado.<br \/>\nP\u00e9s de alum\u00ednio polido pintados na cor cobre.<br \/>\nCorpo do fog\u00e3o ( frente e laterais) e portas em cobre martelado.<br \/>\nForno e divis\u00e3o da fuma\u00e7a em a\u00e7o inox.<br \/>\nFundo, traseira e divis\u00f5es internas em a\u00e7o inox.<br \/>\nFog\u00e3o lado direito ou esquerdo.<br \/>\nSa\u00edda da chamin\u00e9 em cima e na traseira.<br \/>\nSerpentina opcional.<\/p>\n<p>Dimens\u00f5es em mm:<br \/>\nAltura c\/p\u00e9s: 710<br \/>\nAltura s\/p\u00e9s: 480<br \/>\nChapa: 810 x 510<br \/>\nChapa c\/ var\u00f5es: 950 x 580<br \/>\nForno: largura 235 x profundidade 390 x altura 210<br \/>\nChamin\u00e9: di\u00e2metro 110.<\/p>\n<p>* Dimens\u00f5es e modelos sujeitos a altera\u00e7\u00e3o sem pr\u00e9vio aviso.<\/p>\n","protected":false},"excerpt":{"rendered":"<p>Chapa superior em ferro fundido polido. Guarni\u00e7\u00f5es das portas de ferro fundido cromado. P\u00e9s de alum\u00ednio polido pintados na cor cobre. Corpo do fog\u00e3o ( frente e laterais) e portas em cobre martelado. Forno e divis\u00e3o da fuma\u00e7a em a\u00e7o inox. Fundo, traseira e divis\u00f5es internas em a\u00e7o inox. Fog\u00e3o lado direito ou esquerdo. Sa\u00edda [&hellip;]<\/p>\n","protected":false},"featured_media":9747,"template":"","meta":[],"product_cat":[361,354],"product_tag":[],"class_list":{"0":"post-9639","1":"product","2":"type-product","3":"status-publish","4":"has-post-thumbnail","6":"product_cat-cobre","7":"product_cat-fogoes-a-lenha","9":"first","10":"instock","11":"shipping-taxable","12":"product-type-simple"},"_links":{"self":[{"href":"https:\/\/incofogao.com.br\/site\/wp-json\/wp\/v2\/product\/9639","targetHints":{"allow":["GET"]}}],"collection":[{"href":"https:\/\/incofogao.com.br\/site\/wp-json\/wp\/v2\/product"}],"about":[{"href":"https:\/\/incofogao.com.br\/site\/wp-json\/wp\/v2\/types\/product"}],"wp:featuredmedia":[{"embeddable":true,"href":"https:\/\/incofogao.com.br\/site\/wp-json\/wp\/v2\/media\/9747"}],"wp:attachment":[{"href":"https:\/\/incofogao.com.br\/site\/wp-json\/wp\/v2\/media?parent=9639"}],"wp:term":[{"taxonomy":"product_cat","embeddable":true,"href":"https:\/\/incofogao.com.br\/site\/wp-json\/wp\/v2\/product_cat?post=9639"},{"taxonomy":"product_tag","embeddable":true,"href":"https:\/\/incofogao.com.br\/site\/wp-json\/wp\/v2\/product_tag?post=9639"}],"curies":[{"name":"wp","href":"https:\/\/api.w.org\/{rel}","templated":true}]}}