{"id":9631,"date":"2021-03-16T15:56:58","date_gmt":"2021-03-16T18:56:58","guid":{"rendered":"https:\/\/incofogao.com.br\/site\/?post_type=product&#038;p=9631"},"modified":"2026-02-21T08:29:36","modified_gmt":"2026-02-21T11:29:36","slug":"churrasqueira-inox-md","status":"publish","type":"product","link":"https:\/\/incofogao.com.br\/site\/produto\/churrasqueira-inox-md\/","title":{"rendered":"Churrasqueira Inox MD"},"content":{"rendered":"<p>Chapa de a\u00e7o inox .<br \/>\nFerros\/suporte espetos em a\u00e7o zincado.<\/p>\n<p>Dimens\u00f5es em cm:<br \/>\n36 x 56<br \/>\naltura total do p\u00e9 : 57<\/p>\n<p>* Dimens\u00f5es e modelos sujeitos a altera\u00e7\u00e3o sem pr\u00e9vio aviso.<\/p>\n","protected":false},"excerpt":{"rendered":"<p>Chapa de a\u00e7o inox . Ferros\/suporte espetos em a\u00e7o zincado. Dimens\u00f5es em cm: 36 x 56 altura total do p\u00e9 : 57 * Dimens\u00f5es e modelos sujeitos a altera\u00e7\u00e3o sem pr\u00e9vio aviso.<\/p>\n","protected":false},"featured_media":10179,"template":"","meta":[],"product_cat":[360,379],"product_tag":[],"class_list":{"0":"post-9631","1":"product","2":"type-product","3":"status-publish","4":"has-post-thumbnail","6":"product_cat-churrasqueiras","7":"product_cat-linha-churrasco","9":"first","10":"instock","11":"featured","12":"shipping-taxable","13":"purchasable","14":"product-type-simple"},"_links":{"self":[{"href":"https:\/\/incofogao.com.br\/site\/wp-json\/wp\/v2\/product\/9631","targetHints":{"allow":["GET"]}}],"collection":[{"href":"https:\/\/incofogao.com.br\/site\/wp-json\/wp\/v2\/product"}],"about":[{"href":"https:\/\/incofogao.com.br\/site\/wp-json\/wp\/v2\/types\/product"}],"wp:featuredmedia":[{"embeddable":true,"href":"https:\/\/incofogao.com.br\/site\/wp-json\/wp\/v2\/media\/10179"}],"wp:attachment":[{"href":"https:\/\/incofogao.com.br\/site\/wp-json\/wp\/v2\/media?parent=9631"}],"wp:term":[{"taxonomy":"product_cat","embeddable":true,"href":"https:\/\/incofogao.com.br\/site\/wp-json\/wp\/v2\/product_cat?post=9631"},{"taxonomy":"product_tag","embeddable":true,"href":"https:\/\/incofogao.com.br\/site\/wp-json\/wp\/v2\/product_tag?post=9631"}],"curies":[{"name":"wp","href":"https:\/\/api.w.org\/{rel}","templated":true}]}}