{"id":9616,"date":"2021-03-16T15:49:32","date_gmt":"2021-03-16T18:49:32","guid":{"rendered":"https:\/\/incofogao.com.br\/site\/?post_type=product&#038;p=9616"},"modified":"2026-03-30T19:00:50","modified_gmt":"2026-03-30T22:00:50","slug":"porta-forno-de-vidro-ferro-fundido-medio","status":"publish","type":"product","link":"https:\/\/incofogao.com.br\/site\/produto\/porta-forno-de-vidro-ferro-fundido-medio\/","title":{"rendered":"Porta Forno de Vidro Ferro Fundido M\u00e9dio"},"content":{"rendered":"<p>Porta forno de vidro e ferro fundido.<\/p>\n<p>Dimens\u00f5es internas em mm: 285 x 335<\/p>\n<p>* Portas podem sofrer varia\u00e7\u00f5es de medidas.<br \/>\n* Dimens\u00f5es e modelos sujeitos a altera\u00e7\u00e3o sem pr\u00e9vio aviso.<br \/>\n* Forno em ferro fundido. ( opcional a\u00e7o inox ).<\/p>\n","protected":false},"excerpt":{"rendered":"<p>Porta forno de vidro e ferro fundido. Dimens\u00f5es internas em mm: 285 x 335 * Portas podem sofrer varia\u00e7\u00f5es de medidas. * Dimens\u00f5es e modelos sujeitos a altera\u00e7\u00e3o sem pr\u00e9vio aviso. * Forno em ferro fundido. ( opcional a\u00e7o inox ).<\/p>\n","protected":false},"featured_media":9617,"template":"","meta":[],"product_cat":[359],"product_tag":[],"class_list":{"0":"post-9616","1":"product","2":"type-product","3":"status-publish","4":"has-post-thumbnail","6":"product_cat-chapas-fogao-campeiro","8":"first","9":"instock","10":"shipping-taxable","11":"purchasable","12":"product-type-simple"},"_links":{"self":[{"href":"https:\/\/incofogao.com.br\/site\/wp-json\/wp\/v2\/product\/9616","targetHints":{"allow":["GET"]}}],"collection":[{"href":"https:\/\/incofogao.com.br\/site\/wp-json\/wp\/v2\/product"}],"about":[{"href":"https:\/\/incofogao.com.br\/site\/wp-json\/wp\/v2\/types\/product"}],"wp:featuredmedia":[{"embeddable":true,"href":"https:\/\/incofogao.com.br\/site\/wp-json\/wp\/v2\/media\/9617"}],"wp:attachment":[{"href":"https:\/\/incofogao.com.br\/site\/wp-json\/wp\/v2\/media?parent=9616"}],"wp:term":[{"taxonomy":"product_cat","embeddable":true,"href":"https:\/\/incofogao.com.br\/site\/wp-json\/wp\/v2\/product_cat?post=9616"},{"taxonomy":"product_tag","embeddable":true,"href":"https:\/\/incofogao.com.br\/site\/wp-json\/wp\/v2\/product_tag?post=9616"}],"curies":[{"name":"wp","href":"https:\/\/api.w.org\/{rel}","templated":true}]}}