{"id":9595,"date":"2021-03-16T15:40:44","date_gmt":"2021-03-16T18:40:44","guid":{"rendered":"https:\/\/incofogao.com.br\/site\/?post_type=product&#038;p=9595"},"modified":"2025-06-26T09:20:52","modified_gmt":"2025-06-26T12:20:52","slug":"chapa-no-2","status":"publish","type":"product","link":"https:\/\/incofogao.com.br\/site\/produto\/chapa-no-2\/","title":{"rendered":"Chapa N\u00ba 2"},"content":{"rendered":"<p>Chapa em ferro fundido polido.<br \/>\nsaida da chamin\u00e9 direita ou esquerda.<\/p>\n<p>Dimens\u00f5es em mm: 890 X 630<\/p>\n<p>* Chapas podem sofrer varia\u00e7\u00f5es de medidas.<br \/>\n* Dimens\u00f5es e modelos sujeitos a altera\u00e7\u00e3o sem pr\u00e9vio aviso.<\/p>\n","protected":false},"excerpt":{"rendered":"<p>Chapa em ferro fundido polido. saida da chamin\u00e9 direita ou esquerda. Dimens\u00f5es em mm: 890 X 630 * Chapas podem sofrer varia\u00e7\u00f5es de medidas. * Dimens\u00f5es e modelos sujeitos a altera\u00e7\u00e3o sem pr\u00e9vio aviso.<\/p>\n","protected":false},"featured_media":9596,"template":"","meta":[],"product_cat":[359],"product_tag":[],"class_list":{"0":"post-9595","1":"product","2":"type-product","3":"status-publish","4":"has-post-thumbnail","6":"product_cat-chapas-fogao-campeiro","8":"first","9":"instock","10":"shipping-taxable","11":"purchasable","12":"product-type-simple"},"_links":{"self":[{"href":"https:\/\/incofogao.com.br\/site\/wp-json\/wp\/v2\/product\/9595","targetHints":{"allow":["GET"]}}],"collection":[{"href":"https:\/\/incofogao.com.br\/site\/wp-json\/wp\/v2\/product"}],"about":[{"href":"https:\/\/incofogao.com.br\/site\/wp-json\/wp\/v2\/types\/product"}],"wp:featuredmedia":[{"embeddable":true,"href":"https:\/\/incofogao.com.br\/site\/wp-json\/wp\/v2\/media\/9596"}],"wp:attachment":[{"href":"https:\/\/incofogao.com.br\/site\/wp-json\/wp\/v2\/media?parent=9595"}],"wp:term":[{"taxonomy":"product_cat","embeddable":true,"href":"https:\/\/incofogao.com.br\/site\/wp-json\/wp\/v2\/product_cat?post=9595"},{"taxonomy":"product_tag","embeddable":true,"href":"https:\/\/incofogao.com.br\/site\/wp-json\/wp\/v2\/product_tag?post=9595"}],"curies":[{"name":"wp","href":"https:\/\/api.w.org\/{rel}","templated":true}]}}