{"id":9586,"date":"2021-03-16T15:37:14","date_gmt":"2021-03-16T18:37:14","guid":{"rendered":"https:\/\/incofogao.com.br\/site\/?post_type=product&#038;p=9586"},"modified":"2026-03-30T18:58:56","modified_gmt":"2026-03-30T21:58:56","slug":"porta-forno-ferro-fundido-grande","status":"publish","type":"product","link":"https:\/\/incofogao.com.br\/site\/produto\/porta-forno-ferro-fundido-grande\/","title":{"rendered":"Porta Forno Ferro Fundido Grande"},"content":{"rendered":"<p>Porta forno de ferro fundido.<\/p>\n<p>Dimens\u00f5es internas em mm: 460 x 310<\/p>\n<p>* Portas podem sofrer varia\u00e7\u00f5es de medidas.<br \/>\n* Dimens\u00f5es e modelos sujeitos a altera\u00e7\u00e3o sem pr\u00e9vio aviso.<\/p>\n","protected":false},"excerpt":{"rendered":"<p>Porta forno de ferro fundido. Dimens\u00f5es internas em mm: 460 x 310 * Portas podem sofrer varia\u00e7\u00f5es de medidas. * Dimens\u00f5es e modelos sujeitos a altera\u00e7\u00e3o sem pr\u00e9vio aviso.<\/p>\n","protected":false},"featured_media":9587,"template":"","meta":[],"product_cat":[359],"product_tag":[],"class_list":{"0":"post-9586","1":"product","2":"type-product","3":"status-publish","4":"has-post-thumbnail","6":"product_cat-chapas-fogao-campeiro","8":"first","9":"outofstock","10":"shipping-taxable","11":"product-type-simple"},"_links":{"self":[{"href":"https:\/\/incofogao.com.br\/site\/wp-json\/wp\/v2\/product\/9586","targetHints":{"allow":["GET"]}}],"collection":[{"href":"https:\/\/incofogao.com.br\/site\/wp-json\/wp\/v2\/product"}],"about":[{"href":"https:\/\/incofogao.com.br\/site\/wp-json\/wp\/v2\/types\/product"}],"wp:featuredmedia":[{"embeddable":true,"href":"https:\/\/incofogao.com.br\/site\/wp-json\/wp\/v2\/media\/9587"}],"wp:attachment":[{"href":"https:\/\/incofogao.com.br\/site\/wp-json\/wp\/v2\/media?parent=9586"}],"wp:term":[{"taxonomy":"product_cat","embeddable":true,"href":"https:\/\/incofogao.com.br\/site\/wp-json\/wp\/v2\/product_cat?post=9586"},{"taxonomy":"product_tag","embeddable":true,"href":"https:\/\/incofogao.com.br\/site\/wp-json\/wp\/v2\/product_tag?post=9586"}],"curies":[{"name":"wp","href":"https:\/\/api.w.org\/{rel}","templated":true}]}}