{"id":9581,"date":"2021-03-16T15:26:22","date_gmt":"2021-03-16T18:26:22","guid":{"rendered":"https:\/\/incofogao.com.br\/site\/?post_type=product&#038;p=9581"},"modified":"2022-03-22T08:13:49","modified_gmt":"2022-03-22T11:13:49","slug":"chapa-no-0","status":"publish","type":"product","link":"https:\/\/incofogao.com.br\/site\/produto\/chapa-no-0\/","title":{"rendered":"Chapa N\u00ba 0"},"content":{"rendered":"<p>Chapa em ferro fundido polido.<\/p>\n<p>Dimens\u00f5es em mm: 700 X 460<\/p>\n<p>* Chapas podem sofrer varia\u00e7\u00f5es de medidas.<br \/>\n* Dimens\u00f5es e modelos sujeitos a altera\u00e7\u00e3o sem pr\u00e9vio aviso.<\/p>\n","protected":false},"excerpt":{"rendered":"<p>Chapa em ferro fundido polido. Dimens\u00f5es em mm: 700 X 460 * Chapas podem sofrer varia\u00e7\u00f5es de medidas. * Dimens\u00f5es e modelos sujeitos a altera\u00e7\u00e3o sem pr\u00e9vio aviso.<\/p>\n","protected":false},"featured_media":9583,"template":"","meta":[],"product_cat":[359],"product_tag":[],"class_list":{"0":"post-9581","1":"product","2":"type-product","3":"status-publish","4":"has-post-thumbnail","6":"product_cat-chapas-fogao-campeiro","8":"first","9":"instock","10":"shipping-taxable","11":"purchasable","12":"product-type-simple"},"_links":{"self":[{"href":"https:\/\/incofogao.com.br\/site\/wp-json\/wp\/v2\/product\/9581","targetHints":{"allow":["GET"]}}],"collection":[{"href":"https:\/\/incofogao.com.br\/site\/wp-json\/wp\/v2\/product"}],"about":[{"href":"https:\/\/incofogao.com.br\/site\/wp-json\/wp\/v2\/types\/product"}],"wp:featuredmedia":[{"embeddable":true,"href":"https:\/\/incofogao.com.br\/site\/wp-json\/wp\/v2\/media\/9583"}],"wp:attachment":[{"href":"https:\/\/incofogao.com.br\/site\/wp-json\/wp\/v2\/media?parent=9581"}],"wp:term":[{"taxonomy":"product_cat","embeddable":true,"href":"https:\/\/incofogao.com.br\/site\/wp-json\/wp\/v2\/product_cat?post=9581"},{"taxonomy":"product_tag","embeddable":true,"href":"https:\/\/incofogao.com.br\/site\/wp-json\/wp\/v2\/product_tag?post=9581"}],"curies":[{"name":"wp","href":"https:\/\/api.w.org\/{rel}","templated":true}]}}