{"id":9571,"date":"2021-03-16T15:18:58","date_gmt":"2021-03-16T18:18:58","guid":{"rendered":"https:\/\/incofogao.com.br\/site\/?post_type=product&#038;p=9571"},"modified":"2024-12-02T16:58:41","modified_gmt":"2024-12-02T19:58:41","slug":"curva-inox","status":"publish","type":"product","link":"https:\/\/incofogao.com.br\/site\/produto\/curva-inox\/","title":{"rendered":"Curva Inox"},"content":{"rendered":"<p>Curva A\u00e7o Inox.<\/p>\n<p>Dimens\u00f5es em mm:<br \/>\nN\u00ba 0 = 100<br \/>\nN\u00ba 1 = 110<br \/>\nN\u00ba 1,5 = 115<br \/>\nN\u00ba 2 = 120<\/p>\n<p>* Dimens\u00f5es e modelos sujeitos a altera\u00e7\u00e3o sem pr\u00e9vio aviso<\/p>\n","protected":false},"excerpt":{"rendered":"<p>Curva A\u00e7o Inox. Dimens\u00f5es em mm: N\u00ba 0 = 100 N\u00ba 1 = 110 N\u00ba 1,5 = 115 N\u00ba 2 = 120 * Dimens\u00f5es e modelos sujeitos a altera\u00e7\u00e3o sem pr\u00e9vio aviso<\/p>\n","protected":false},"featured_media":10124,"template":"","meta":[],"product_cat":[358],"product_tag":[],"class_list":{"0":"post-9571","1":"product","2":"type-product","3":"status-publish","4":"has-post-thumbnail","6":"product_cat-chamines-para-fogao","8":"first","9":"instock","10":"shipping-taxable","11":"purchasable","12":"product-type-simple"},"_links":{"self":[{"href":"https:\/\/incofogao.com.br\/site\/wp-json\/wp\/v2\/product\/9571","targetHints":{"allow":["GET"]}}],"collection":[{"href":"https:\/\/incofogao.com.br\/site\/wp-json\/wp\/v2\/product"}],"about":[{"href":"https:\/\/incofogao.com.br\/site\/wp-json\/wp\/v2\/types\/product"}],"wp:featuredmedia":[{"embeddable":true,"href":"https:\/\/incofogao.com.br\/site\/wp-json\/wp\/v2\/media\/10124"}],"wp:attachment":[{"href":"https:\/\/incofogao.com.br\/site\/wp-json\/wp\/v2\/media?parent=9571"}],"wp:term":[{"taxonomy":"product_cat","embeddable":true,"href":"https:\/\/incofogao.com.br\/site\/wp-json\/wp\/v2\/product_cat?post=9571"},{"taxonomy":"product_tag","embeddable":true,"href":"https:\/\/incofogao.com.br\/site\/wp-json\/wp\/v2\/product_tag?post=9571"}],"curies":[{"name":"wp","href":"https:\/\/api.w.org\/{rel}","templated":true}]}}