{"id":9563,"date":"2021-03-16T15:10:15","date_gmt":"2021-03-16T18:10:15","guid":{"rendered":"https:\/\/incofogao.com.br\/site\/?post_type=product&#038;p=9563"},"modified":"2025-10-24T15:59:09","modified_gmt":"2025-10-24T18:59:09","slug":"pazinha-para-brasa","status":"publish","type":"product","link":"https:\/\/incofogao.com.br\/site\/produto\/pazinha-para-brasa\/","title":{"rendered":"Pazinha para Brasa"},"content":{"rendered":"<p>Pazinha para tirar braza.<br \/>\nComprimento cabo : 30 cm<br \/>\nCabo de ferro redondo pintado.<br \/>\nPazinha em a\u00e7o inox.<\/p>\n<p>* Dimens\u00f5es e modelos sujeitos a altera\u00e7\u00e3o sem pr\u00e9vio aviso.<\/p>\n","protected":false},"excerpt":{"rendered":"<p>Pazinha para tirar braza. Comprimento cabo : 30 cm Cabo de ferro redondo pintado. Pazinha em a\u00e7o inox. * Dimens\u00f5es e modelos sujeitos a altera\u00e7\u00e3o sem pr\u00e9vio aviso.<\/p>\n","protected":false},"featured_media":9564,"template":"","meta":[],"product_cat":[15],"product_tag":[],"class_list":{"0":"post-9563","1":"product","2":"type-product","3":"status-publish","4":"has-post-thumbnail","6":"product_cat-sem-categoria","8":"first","9":"instock","10":"shipping-taxable","11":"purchasable","12":"product-type-simple"},"_links":{"self":[{"href":"https:\/\/incofogao.com.br\/site\/wp-json\/wp\/v2\/product\/9563","targetHints":{"allow":["GET"]}}],"collection":[{"href":"https:\/\/incofogao.com.br\/site\/wp-json\/wp\/v2\/product"}],"about":[{"href":"https:\/\/incofogao.com.br\/site\/wp-json\/wp\/v2\/types\/product"}],"wp:featuredmedia":[{"embeddable":true,"href":"https:\/\/incofogao.com.br\/site\/wp-json\/wp\/v2\/media\/9564"}],"wp:attachment":[{"href":"https:\/\/incofogao.com.br\/site\/wp-json\/wp\/v2\/media?parent=9563"}],"wp:term":[{"taxonomy":"product_cat","embeddable":true,"href":"https:\/\/incofogao.com.br\/site\/wp-json\/wp\/v2\/product_cat?post=9563"},{"taxonomy":"product_tag","embeddable":true,"href":"https:\/\/incofogao.com.br\/site\/wp-json\/wp\/v2\/product_tag?post=9563"}],"curies":[{"name":"wp","href":"https:\/\/api.w.org\/{rel}","templated":true}]}}