{"id":9527,"date":"2021-03-16T14:37:30","date_gmt":"2021-03-16T17:37:30","guid":{"rendered":"https:\/\/incofogao.com.br\/site\/?post_type=product&#038;p=9527"},"modified":"2025-04-02T09:36:40","modified_gmt":"2025-04-02T12:36:40","slug":"fogao-campeiro-de-aco-inox","status":"publish","type":"product","link":"https:\/\/incofogao.com.br\/site\/produto\/fogao-campeiro-de-aco-inox\/","title":{"rendered":"Fog\u00e3o Campeiro de A\u00e7o Inox"},"content":{"rendered":"<p>Chapa superior em ferro fundido polido.<br \/>\nP\u00e9s de alum\u00ednio polido.<br \/>\nCorpo do fog\u00e3o ( frente e laterais) e portas em a\u00e7o inox.<br \/>\nFundo, traseira em a\u00e7o galvanizado.(opcional inox)<br \/>\nSa\u00edda da chamin\u00e9 na traseira.<\/p>\n<p>Dimens\u00f5es em mm:<br \/>\nAltura c\/p\u00e9s: 710<br \/>\nAltura s\/p\u00e9s: 480<br \/>\nChapa: 460 x 710<br \/>\nChamin\u00e9: di\u00e2metro 110.<\/p>\n<p>* Dimens\u00f5es e modelos sujeitos a altera\u00e7\u00e3o sem pr\u00e9vio aviso.<\/p>\n","protected":false},"excerpt":{"rendered":"<p>Chapa superior em ferro fundido polido. P\u00e9s de alum\u00ednio polido. Corpo do fog\u00e3o ( frente e laterais) e portas em a\u00e7o inox. Fundo, traseira em a\u00e7o galvanizado.(opcional inox) Sa\u00edda da chamin\u00e9 na traseira. Dimens\u00f5es em mm: Altura c\/p\u00e9s: 710 Altura s\/p\u00e9s: 480 Chapa: 460 x 710 Chamin\u00e9: di\u00e2metro 110. * Dimens\u00f5es e modelos sujeitos a [&hellip;]<\/p>\n","protected":false},"featured_media":9746,"template":"","meta":[],"product_cat":[355,356,354],"product_tag":[],"class_list":{"0":"post-9527","1":"product","2":"type-product","3":"status-publish","4":"has-post-thumbnail","6":"product_cat-aco-inox","7":"product_cat-campeiro","8":"product_cat-fogoes-a-lenha","10":"first","11":"instock","12":"shipping-taxable","13":"purchasable","14":"product-type-simple"},"_links":{"self":[{"href":"https:\/\/incofogao.com.br\/site\/wp-json\/wp\/v2\/product\/9527","targetHints":{"allow":["GET"]}}],"collection":[{"href":"https:\/\/incofogao.com.br\/site\/wp-json\/wp\/v2\/product"}],"about":[{"href":"https:\/\/incofogao.com.br\/site\/wp-json\/wp\/v2\/types\/product"}],"wp:featuredmedia":[{"embeddable":true,"href":"https:\/\/incofogao.com.br\/site\/wp-json\/wp\/v2\/media\/9746"}],"wp:attachment":[{"href":"https:\/\/incofogao.com.br\/site\/wp-json\/wp\/v2\/media?parent=9527"}],"wp:term":[{"taxonomy":"product_cat","embeddable":true,"href":"https:\/\/incofogao.com.br\/site\/wp-json\/wp\/v2\/product_cat?post=9527"},{"taxonomy":"product_tag","embeddable":true,"href":"https:\/\/incofogao.com.br\/site\/wp-json\/wp\/v2\/product_tag?post=9527"}],"curies":[{"name":"wp","href":"https:\/\/api.w.org\/{rel}","templated":true}]}}