{"id":9512,"date":"2021-03-16T14:17:53","date_gmt":"2021-03-16T17:17:53","guid":{"rendered":"https:\/\/incofogao.com.br\/site\/?post_type=product&#038;p=9512"},"modified":"2025-04-02T09:04:55","modified_gmt":"2025-04-02T12:04:55","slug":"fogao-a-lenha-no-2-gabinete-aco-inox","status":"publish","type":"product","link":"https:\/\/incofogao.com.br\/site\/produto\/fogao-a-lenha-no-2-gabinete-aco-inox\/","title":{"rendered":"Fog\u00e3o \u00e0 Lenha N\u00ba 2 Gabinete A\u00e7o Inox"},"content":{"rendered":"<p>Chapa superior em ferro fundido polido.<br \/>\nGuarni\u00e7\u00f5es das portas de ferro fundido cromado.<br \/>\nGuarni\u00e7\u00e3o da estufa de alum\u00ednio polido.<br \/>\nP\u00e9s de alum\u00ednio polido.<br \/>\nCorpo do fog\u00e3o ( frente e laterais) e portas em a\u00e7o inox.<br \/>\nForno e divis\u00e3o da fuma\u00e7a em a\u00e7o inox.<br \/>\nFundo, traseira e divis\u00f5es internas em a\u00e7o galvanizado.(opcional inox)<br \/>\nFog\u00e3o lado direito ou esquerdo.<br \/>\nSa\u00edda da chamin\u00e9 em cima e na traseira.<br \/>\nTampa opcional.<br \/>\nSerpentina opcional.<\/p>\n<p>Dimens\u00f5es em mm:<br \/>\nAltura c\/p\u00e9s: 820<br \/>\nAltura s\/p\u00e9s: 720<br \/>\nChapa: 890 x 630<br \/>\nChapa c\/ var\u00f5es: 1030 x 700<br \/>\nForno: largura 290 x profundidade 470 x altura 220<br \/>\nEstufa: largura 390 x profundidade 470 x altura 180<br \/>\nChamin\u00e9: di\u00e2metro 110<\/p>\n<p>* Dimens\u00f5es e modelos sujeitos a altera\u00e7\u00e3o sem pr\u00e9vio aviso.<\/p>\n","protected":false},"excerpt":{"rendered":"<p>Chapa superior em ferro fundido polido. Guarni\u00e7\u00f5es das portas de ferro fundido cromado. Guarni\u00e7\u00e3o da estufa de alum\u00ednio polido. P\u00e9s de alum\u00ednio polido. Corpo do fog\u00e3o ( frente e laterais) e portas em a\u00e7o inox. Forno e divis\u00e3o da fuma\u00e7a em a\u00e7o inox. Fundo, traseira e divis\u00f5es internas em a\u00e7o galvanizado.(opcional inox) Fog\u00e3o lado direito [&hellip;]<\/p>\n","protected":false},"featured_media":9748,"template":"","meta":[],"product_cat":[355,354],"product_tag":[],"class_list":{"0":"post-9512","1":"product","2":"type-product","3":"status-publish","4":"has-post-thumbnail","6":"product_cat-aco-inox","7":"product_cat-fogoes-a-lenha","9":"first","10":"instock","11":"featured","12":"shipping-taxable","13":"purchasable","14":"product-type-simple"},"_links":{"self":[{"href":"https:\/\/incofogao.com.br\/site\/wp-json\/wp\/v2\/product\/9512","targetHints":{"allow":["GET"]}}],"collection":[{"href":"https:\/\/incofogao.com.br\/site\/wp-json\/wp\/v2\/product"}],"about":[{"href":"https:\/\/incofogao.com.br\/site\/wp-json\/wp\/v2\/types\/product"}],"wp:featuredmedia":[{"embeddable":true,"href":"https:\/\/incofogao.com.br\/site\/wp-json\/wp\/v2\/media\/9748"}],"wp:attachment":[{"href":"https:\/\/incofogao.com.br\/site\/wp-json\/wp\/v2\/media?parent=9512"}],"wp:term":[{"taxonomy":"product_cat","embeddable":true,"href":"https:\/\/incofogao.com.br\/site\/wp-json\/wp\/v2\/product_cat?post=9512"},{"taxonomy":"product_tag","embeddable":true,"href":"https:\/\/incofogao.com.br\/site\/wp-json\/wp\/v2\/product_tag?post=9512"}],"curies":[{"name":"wp","href":"https:\/\/api.w.org\/{rel}","templated":true}]}}