{"id":10172,"date":"2021-05-03T18:51:51","date_gmt":"2021-05-03T21:51:51","guid":{"rendered":"https:\/\/incofogao.com.br\/site\/?post_type=product&#038;p=10172"},"modified":"2025-06-07T09:39:10","modified_gmt":"2025-06-07T12:39:10","slug":"protecao-tela-p-lareira-c-dobradica-120cm","status":"publish","type":"product","link":"https:\/\/incofogao.com.br\/site\/produto\/protecao-tela-p-lareira-c-dobradica-120cm\/","title":{"rendered":"Prote\u00e7\u00e3o\/Tela p\/ Lareira c\/ Dobradi\u00e7a 120cm"},"content":{"rendered":"<p>Prote\u00e7\u00e3o Lareira Dobr\u00e1vel 120cm<br \/>\nEstrutura de cantoneira de ferro e tela de a\u00e7o , pintado preto fosco.<\/p>\n<p>Medidas:<br \/>\n120 x 55 cm<\/p>\n<p>Consulte outras medidas dispon\u00edveis.<br \/>\n* Dimens\u00f5es e modelos sujeitos a altera\u00e7\u00e3o sem pr\u00e9vio aviso<\/p>\n","protected":false},"excerpt":{"rendered":"<p>Prote\u00e7\u00e3o Lareira Dobr\u00e1vel 120cm Estrutura de cantoneira de ferro e tela de a\u00e7o , pintado preto fosco. Medidas: 120 x 55 cm Consulte outras medidas dispon\u00edveis. * Dimens\u00f5es e modelos sujeitos a altera\u00e7\u00e3o sem pr\u00e9vio aviso<\/p>\n","protected":false},"featured_media":10173,"template":"","meta":[],"product_cat":[368],"product_tag":[],"class_list":{"0":"post-10172","1":"product","2":"type-product","3":"status-publish","4":"has-post-thumbnail","6":"product_cat-lareiras-e-acessorios","8":"first","9":"instock","10":"shipping-taxable","11":"purchasable","12":"product-type-simple"},"_links":{"self":[{"href":"https:\/\/incofogao.com.br\/site\/wp-json\/wp\/v2\/product\/10172","targetHints":{"allow":["GET"]}}],"collection":[{"href":"https:\/\/incofogao.com.br\/site\/wp-json\/wp\/v2\/product"}],"about":[{"href":"https:\/\/incofogao.com.br\/site\/wp-json\/wp\/v2\/types\/product"}],"wp:featuredmedia":[{"embeddable":true,"href":"https:\/\/incofogao.com.br\/site\/wp-json\/wp\/v2\/media\/10173"}],"wp:attachment":[{"href":"https:\/\/incofogao.com.br\/site\/wp-json\/wp\/v2\/media?parent=10172"}],"wp:term":[{"taxonomy":"product_cat","embeddable":true,"href":"https:\/\/incofogao.com.br\/site\/wp-json\/wp\/v2\/product_cat?post=10172"},{"taxonomy":"product_tag","embeddable":true,"href":"https:\/\/incofogao.com.br\/site\/wp-json\/wp\/v2\/product_tag?post=10172"}],"curies":[{"name":"wp","href":"https:\/\/api.w.org\/{rel}","templated":true}]}}