{"id":9467,"date":"2021-03-13T15:09:08","date_gmt":"2021-03-13T18:09:08","guid":{"rendered":"https:\/\/incofogao.com.br\/site\/?page_id=9467"},"modified":"2021-03-24T12:04:19","modified_gmt":"2021-03-24T15:04:19","slug":"sobre","status":"publish","type":"page","link":"https:\/\/incofogao.com.br\/site\/sobre\/","title":{"rendered":"Sobre"},"content":{"rendered":"<p style=\"text-align: justify;\">A Incofog\u00e3o \u00e9 uma empresa especializada no ramo de fog\u00f5es, foi fundada em outubro de 1969 com o nome de Mecanog\u00e1s, por Feliz Batista de Souza, e sua atividade principal era o conserto e reforma de fog\u00f5es.<\/p>\r\n<p style=\"text-align: justify;\">A partir de 1\u00ba de maio de 1976 passa a se chamar Incofog\u00e3o Ind\u00fastria e Com\u00e9rcio de Fog\u00f5es Ltda, passando a produzir fog\u00f5es \u00e0 lenha, tornando-se uma empresa refer\u00eancia em toda a regi\u00e3o.<\/p>\r\n<p style=\"text-align: justify;\">No ano de 2000 passamos a fabricar fog\u00e3o \u00e0 lenha em a\u00e7o inox, um produto com mais beleza, durabilidade e qualidade. Novos produtos foram incorporados a nossa linha de produ\u00e7\u00e3o como lareiras, chamin\u00e9s para fog\u00e3o, churrasqueiras desmont\u00e1veis, grelhas e fogareiros.<\/p>\r\n<p style=\"text-align: justify;\">Tamb\u00e9m comercializamos fog\u00f5es \u00e0 lenha de diversas marcas, acess\u00f3rios para montar seu fog\u00e3o campeiro, utens\u00edlios para cozinha, panelas de ferro, chapas bifeteiras e equipamentos comerciais.<\/p>\r\n<p style=\"text-align: justify;\">Tendo como objetivo fornecer produtos para atender as necessidades de nossos clientes, gerando com isso satisfa\u00e7\u00e3o e credibilidade.<\/p>","protected":false},"excerpt":{"rendered":"<p>A Incofog\u00e3o \u00e9 uma empresa especializada no ramo de fog\u00f5es, foi fundada em outubro de 1969 com o nome de Mecanog\u00e1s, por Feliz Batista de Souza, e sua atividade principal era o conserto e reforma de fog\u00f5es. A partir de 1\u00ba de maio de 1976 passa a se chamar Incofog\u00e3o Ind\u00fastria e Com\u00e9rcio de Fog\u00f5es [&hellip;]<\/p>\n","protected":false},"author":1,"featured_media":0,"parent":0,"menu_order":0,"comment_status":"closed","ping_status":"closed","template":"","meta":{"footnotes":""},"class_list":["post-9467","page","type-page","status-publish","hentry"],"_links":{"self":[{"href":"https:\/\/incofogao.com.br\/site\/wp-json\/wp\/v2\/pages\/9467","targetHints":{"allow":["GET"]}}],"collection":[{"href":"https:\/\/incofogao.com.br\/site\/wp-json\/wp\/v2\/pages"}],"about":[{"href":"https:\/\/incofogao.com.br\/site\/wp-json\/wp\/v2\/types\/page"}],"author":[{"embeddable":true,"href":"https:\/\/incofogao.com.br\/site\/wp-json\/wp\/v2\/users\/1"}],"replies":[{"embeddable":true,"href":"https:\/\/incofogao.com.br\/site\/wp-json\/wp\/v2\/comments?post=9467"}],"version-history":[{"count":5,"href":"https:\/\/incofogao.com.br\/site\/wp-json\/wp\/v2\/pages\/9467\/revisions"}],"predecessor-version":[{"id":9984,"href":"https:\/\/incofogao.com.br\/site\/wp-json\/wp\/v2\/pages\/9467\/revisions\/9984"}],"wp:attachment":[{"href":"https:\/\/incofogao.com.br\/site\/wp-json\/wp\/v2\/media?parent=9467"}],"curies":[{"name":"wp","href":"https:\/\/api.w.org\/{rel}","templated":true}]}}